{"id":5742,"date":"2023-11-23T11:52:23","date_gmt":"2023-11-23T17:52:23","guid":{"rendered":"https:\/\/grupoempresarialryo.com.mx\/academia\/?post_type=product&#038;p=5742"},"modified":"2023-12-18T15:32:17","modified_gmt":"2023-12-18T21:32:17","slug":"diplomado-en-odontopediatria","status":"publish","type":"product","link":"https:\/\/grupoempresarialryo.com.mx\/academia\/product\/diplomado-en-odontopediatria\/","title":{"rendered":"Diplomado en Odontopediatr\u00eda"},"content":{"rendered":"<p>Objetivo: consolidar nuevos conocimientos relacionados con la atenci\u00f3n odontol\u00f3gica, desde gestantes hasta ni\u00f1os de 12 a\u00f1os, basado en las evidencias cient\u00edficas actualizadas. El alumno ser\u00e1 capaz de mejorar su pr\u00e1ctica cl\u00ednica en el consultorio privado y en la atenci\u00f3n primaria de salud a trav\u00e9s de una visi\u00f3n multiprofesional.<\/p>\n<p>Al finalizar, potenciar\u00e1 destrezas y habilidades para diagnosticar, resolver problemas preventivos y restaurativos en pacientes pedi\u00e1tricos.<\/p>\n","protected":false},"excerpt":{"rendered":"<p>Al finalizar, potenciar\u00e1 destrezas y habilidades para diagnosticar, resolver problemas preventivos y restaurativos en pacientes pedi\u00e1tricos.<\/p>\n","protected":false},"featured_media":5743,"comment_status":"open","ping_status":"closed","template":"","meta":{"_uag_custom_page_level_css":"","neve_meta_sidebar":"","neve_meta_container":"","neve_meta_enable_content_width":"off","neve_meta_content_width":100,"neve_meta_title_alignment":"","neve_meta_author_avatar":"","neve_post_elements_order":"","neve_meta_disable_header":"","neve_meta_disable_footer":"","neve_meta_disable_title":"","_themeisle_gutenberg_block_has_review":false},"product_brand":[],"product_cat":[105,167],"product_tag":[172],"class_list":{"0":"post-5742","1":"product","2":"type-product","3":"status-publish","4":"has-post-thumbnail","6":"product_cat-online","7":"product_cat-pago-unico","8":"product_tag-odontopediatria","9":"post","11":"first","12":"instock","13":"sale","14":"virtual","15":"taxable","16":"purchasable","17":"product-type-simple"},"uagb_featured_image_src":{"full":["https:\/\/grupoempresarialryo.com.mx\/academia\/wp-content\/uploads\/2023\/11\/sccf2q2RSXBHi6xCsHyz_odontopediatr_a_premium_2_1.webp",1280,720,false],"thumbnail":["https:\/\/grupoempresarialryo.com.mx\/academia\/wp-content\/uploads\/2023\/11\/sccf2q2RSXBHi6xCsHyz_odontopediatr_a_premium_2_1-150x150.webp",150,150,true],"medium":["https:\/\/grupoempresarialryo.com.mx\/academia\/wp-content\/uploads\/2023\/11\/sccf2q2RSXBHi6xCsHyz_odontopediatr_a_premium_2_1-300x169.webp",300,169,true],"medium_large":["https:\/\/grupoempresarialryo.com.mx\/academia\/wp-content\/uploads\/2023\/11\/sccf2q2RSXBHi6xCsHyz_odontopediatr_a_premium_2_1-768x432.webp",768,432,true],"large":["https:\/\/grupoempresarialryo.com.mx\/academia\/wp-content\/uploads\/2023\/11\/sccf2q2RSXBHi6xCsHyz_odontopediatr_a_premium_2_1-1024x576.webp",1024,576,true],"course_archive_thumbnail":["https:\/\/grupoempresarialryo.com.mx\/academia\/wp-content\/uploads\/2023\/11\/sccf2q2RSXBHi6xCsHyz_odontopediatr_a_premium_2_1-100x56.webp",100,56,true],"course_single_thumbnail":["https:\/\/grupoempresarialryo.com.mx\/academia\/wp-content\/uploads\/2023\/11\/sccf2q2RSXBHi6xCsHyz_odontopediatr_a_premium_2_1-100x56.webp",100,56,true],"lesson_archive_thumbnail":["https:\/\/grupoempresarialryo.com.mx\/academia\/wp-content\/uploads\/2023\/11\/sccf2q2RSXBHi6xCsHyz_odontopediatr_a_premium_2_1-100x56.webp",100,56,true],"lesson_single_thumbnail":["https:\/\/grupoempresarialryo.com.mx\/academia\/wp-content\/uploads\/2023\/11\/sccf2q2RSXBHi6xCsHyz_odontopediatr_a_premium_2_1-100x56.webp",100,56,true],"1536x1536":["https:\/\/grupoempresarialryo.com.mx\/academia\/wp-content\/uploads\/2023\/11\/sccf2q2RSXBHi6xCsHyz_odontopediatr_a_premium_2_1.webp",1280,720,false],"2048x2048":["https:\/\/grupoempresarialryo.com.mx\/academia\/wp-content\/uploads\/2023\/11\/sccf2q2RSXBHi6xCsHyz_odontopediatr_a_premium_2_1.webp",1280,720,false],"neve-blog":["https:\/\/grupoempresarialryo.com.mx\/academia\/wp-content\/uploads\/2023\/11\/sccf2q2RSXBHi6xCsHyz_odontopediatr_a_premium_2_1-930x620.webp",930,620,true],"woocommerce_thumbnail":["https:\/\/grupoempresarialryo.com.mx\/academia\/wp-content\/uploads\/2023\/11\/sccf2q2RSXBHi6xCsHyz_odontopediatr_a_premium_2_1-300x180.webp",300,180,true],"woocommerce_single":["https:\/\/grupoempresarialryo.com.mx\/academia\/wp-content\/uploads\/2023\/11\/sccf2q2RSXBHi6xCsHyz_odontopediatr_a_premium_2_1-600x338.webp",600,338,true],"woocommerce_gallery_thumbnail":["https:\/\/grupoempresarialryo.com.mx\/academia\/wp-content\/uploads\/2023\/11\/sccf2q2RSXBHi6xCsHyz_odontopediatr_a_premium_2_1-100x100.webp",100,100,true],"dgwt-wcas-product-suggestion":["https:\/\/grupoempresarialryo.com.mx\/academia\/wp-content\/uploads\/2023\/11\/sccf2q2RSXBHi6xCsHyz_odontopediatr_a_premium_2_1-64x36.webp",64,36,true]},"uagb_author_info":{"display_name":"Ing Mario","author_link":"https:\/\/grupoempresarialryo.com.mx\/academia\/author\/"},"uagb_comment_info":0,"uagb_excerpt":"Al finalizar, potenciar\u00e1 destrezas y habilidades para diagnosticar, resolver problemas preventivos y restaurativos en pacientes pedi\u00e1tricos.","_links":{"self":[{"href":"https:\/\/grupoempresarialryo.com.mx\/academia\/wp-json\/wp\/v2\/product\/5742","targetHints":{"allow":["GET"]}}],"collection":[{"href":"https:\/\/grupoempresarialryo.com.mx\/academia\/wp-json\/wp\/v2\/product"}],"about":[{"href":"https:\/\/grupoempresarialryo.com.mx\/academia\/wp-json\/wp\/v2\/types\/product"}],"replies":[{"embeddable":true,"href":"https:\/\/grupoempresarialryo.com.mx\/academia\/wp-json\/wp\/v2\/comments?post=5742"}],"version-history":[{"count":0,"href":"https:\/\/grupoempresarialryo.com.mx\/academia\/wp-json\/wp\/v2\/product\/5742\/revisions"}],"wp:featuredmedia":[{"embeddable":true,"href":"https:\/\/grupoempresarialryo.com.mx\/academia\/wp-json\/wp\/v2\/media\/5743"}],"wp:attachment":[{"href":"https:\/\/grupoempresarialryo.com.mx\/academia\/wp-json\/wp\/v2\/media?parent=5742"}],"wp:term":[{"taxonomy":"product_brand","embeddable":true,"href":"https:\/\/grupoempresarialryo.com.mx\/academia\/wp-json\/wp\/v2\/product_brand?post=5742"},{"taxonomy":"product_cat","embeddable":true,"href":"https:\/\/grupoempresarialryo.com.mx\/academia\/wp-json\/wp\/v2\/product_cat?post=5742"},{"taxonomy":"product_tag","embeddable":true,"href":"https:\/\/grupoempresarialryo.com.mx\/academia\/wp-json\/wp\/v2\/product_tag?post=5742"}],"curies":[{"name":"wp","href":"https:\/\/api.w.org\/{rel}","templated":true}]}}