{"id":5717,"date":"2023-11-22T16:20:03","date_gmt":"2023-11-22T22:20:03","guid":{"rendered":"https:\/\/grupoempresarialryo.com.mx\/academia\/?post_type=product&#038;p=5717"},"modified":"2024-11-07T06:44:38","modified_gmt":"2024-11-07T12:44:38","slug":"suscripcion-diplomado-en-ortodoncia-y-autoligado-essentials","status":"publish","type":"product","link":"https:\/\/grupoempresarialryo.com.mx\/academia\/product\/suscripcion-diplomado-en-ortodoncia-y-autoligado-essentials\/","title":{"rendered":"Suscripci\u00f3n Diplomado en Ortodoncia y Autoligado Essentials"},"content":{"rendered":"<p>Objetivo: los participantes aprender\u00e1n las t\u00e9cnicas b\u00e1sicas de la ortodoncia de autoligado, incluyendo la selecci\u00f3n adecuada de brackets autoligables, diagn\u00f3sticos cefalom\u00e9tricos, la gesti\u00f3n de las fuerzas biol\u00f3gicas, el control del arco de movimiento y el diagn\u00f3stico y planificaci\u00f3n de un caso completo de ortodoncia.<\/p>\n<p>Al final del curso, ser\u00e1n capaces de aplicar correctamente la t\u00e9cnica de autoligado para el tratamiento de sus casos, reduciendo tiempos de trabajo y aumentando la eficiencia de sus tratamientos.<\/p>\n","protected":false},"excerpt":{"rendered":"<p>Al final del curso, ser\u00e1n capaces de aplicar correctamente la t\u00e9cnica de autoligado para el tratamiento de sus casos, reduciendo tiempos de trabajo y aumentando la eficiencia de sus tratamientos.<\/p>\n","protected":false},"featured_media":5718,"comment_status":"open","ping_status":"closed","template":"","meta":{"_uag_custom_page_level_css":"","neve_meta_sidebar":"","neve_meta_container":"","neve_meta_enable_content_width":"off","neve_meta_content_width":100,"neve_meta_title_alignment":"","neve_meta_author_avatar":"","neve_post_elements_order":"","neve_meta_disable_header":"","neve_meta_disable_footer":"","neve_meta_disable_title":"","_themeisle_gutenberg_block_has_review":false},"product_brand":[],"product_cat":[105,166],"product_tag":[162],"class_list":{"0":"post-5717","1":"product","2":"type-product","3":"status-publish","4":"has-post-thumbnail","6":"product_cat-online","7":"product_cat-pago-mensual","8":"product_tag-essentials","9":"post","11":"first","12":"instock","13":"virtual","14":"sold-individually","15":"taxable","16":"purchasable","17":"product-type-subscription"},"uagb_featured_image_src":{"full":["https:\/\/grupoempresarialryo.com.mx\/academia\/wp-content\/uploads\/2023\/11\/Essentials-basic.webp",1280,720,false],"thumbnail":["https:\/\/grupoempresarialryo.com.mx\/academia\/wp-content\/uploads\/2023\/11\/Essentials-basic-150x150.webp",150,150,true],"medium":["https:\/\/grupoempresarialryo.com.mx\/academia\/wp-content\/uploads\/2023\/11\/Essentials-basic-300x169.webp",300,169,true],"medium_large":["https:\/\/grupoempresarialryo.com.mx\/academia\/wp-content\/uploads\/2023\/11\/Essentials-basic-768x432.webp",768,432,true],"large":["https:\/\/grupoempresarialryo.com.mx\/academia\/wp-content\/uploads\/2023\/11\/Essentials-basic-1024x576.webp",1024,576,true],"course_archive_thumbnail":["https:\/\/grupoempresarialryo.com.mx\/academia\/wp-content\/uploads\/2023\/11\/Essentials-basic-100x56.webp",100,56,true],"course_single_thumbnail":["https:\/\/grupoempresarialryo.com.mx\/academia\/wp-content\/uploads\/2023\/11\/Essentials-basic-100x56.webp",100,56,true],"lesson_archive_thumbnail":["https:\/\/grupoempresarialryo.com.mx\/academia\/wp-content\/uploads\/2023\/11\/Essentials-basic-100x56.webp",100,56,true],"lesson_single_thumbnail":["https:\/\/grupoempresarialryo.com.mx\/academia\/wp-content\/uploads\/2023\/11\/Essentials-basic-100x56.webp",100,56,true],"1536x1536":["https:\/\/grupoempresarialryo.com.mx\/academia\/wp-content\/uploads\/2023\/11\/Essentials-basic.webp",1280,720,false],"2048x2048":["https:\/\/grupoempresarialryo.com.mx\/academia\/wp-content\/uploads\/2023\/11\/Essentials-basic.webp",1280,720,false],"neve-blog":["https:\/\/grupoempresarialryo.com.mx\/academia\/wp-content\/uploads\/2023\/11\/Essentials-basic-930x620.webp",930,620,true],"woocommerce_thumbnail":["https:\/\/grupoempresarialryo.com.mx\/academia\/wp-content\/uploads\/2023\/11\/Essentials-basic-300x180.webp",300,180,true],"woocommerce_single":["https:\/\/grupoempresarialryo.com.mx\/academia\/wp-content\/uploads\/2023\/11\/Essentials-basic-600x338.webp",600,338,true],"woocommerce_gallery_thumbnail":["https:\/\/grupoempresarialryo.com.mx\/academia\/wp-content\/uploads\/2023\/11\/Essentials-basic-100x100.webp",100,100,true],"dgwt-wcas-product-suggestion":["https:\/\/grupoempresarialryo.com.mx\/academia\/wp-content\/uploads\/2023\/11\/Essentials-basic-64x36.webp",64,36,true]},"uagb_author_info":{"display_name":"Ing Mario","author_link":"https:\/\/grupoempresarialryo.com.mx\/academia\/author\/"},"uagb_comment_info":0,"uagb_excerpt":"Al final del curso, ser\u00e1n capaces de aplicar correctamente la t\u00e9cnica de autoligado para el tratamiento de sus casos, reduciendo tiempos de trabajo y aumentando la eficiencia de sus tratamientos.","_links":{"self":[{"href":"https:\/\/grupoempresarialryo.com.mx\/academia\/wp-json\/wp\/v2\/product\/5717","targetHints":{"allow":["GET"]}}],"collection":[{"href":"https:\/\/grupoempresarialryo.com.mx\/academia\/wp-json\/wp\/v2\/product"}],"about":[{"href":"https:\/\/grupoempresarialryo.com.mx\/academia\/wp-json\/wp\/v2\/types\/product"}],"replies":[{"embeddable":true,"href":"https:\/\/grupoempresarialryo.com.mx\/academia\/wp-json\/wp\/v2\/comments?post=5717"}],"version-history":[{"count":0,"href":"https:\/\/grupoempresarialryo.com.mx\/academia\/wp-json\/wp\/v2\/product\/5717\/revisions"}],"wp:featuredmedia":[{"embeddable":true,"href":"https:\/\/grupoempresarialryo.com.mx\/academia\/wp-json\/wp\/v2\/media\/5718"}],"wp:attachment":[{"href":"https:\/\/grupoempresarialryo.com.mx\/academia\/wp-json\/wp\/v2\/media?parent=5717"}],"wp:term":[{"taxonomy":"product_brand","embeddable":true,"href":"https:\/\/grupoempresarialryo.com.mx\/academia\/wp-json\/wp\/v2\/product_brand?post=5717"},{"taxonomy":"product_cat","embeddable":true,"href":"https:\/\/grupoempresarialryo.com.mx\/academia\/wp-json\/wp\/v2\/product_cat?post=5717"},{"taxonomy":"product_tag","embeddable":true,"href":"https:\/\/grupoempresarialryo.com.mx\/academia\/wp-json\/wp\/v2\/product_tag?post=5717"}],"curies":[{"name":"wp","href":"https:\/\/api.w.org\/{rel}","templated":true}]}}