{"id":4199,"date":"2023-10-27T19:44:59","date_gmt":"2023-10-27T19:44:59","guid":{"rendered":"https:\/\/grupoempresarialryo.com.mx\/academia\/?post_type=product&#038;p=4199"},"modified":"2025-01-15T14:01:28","modified_gmt":"2025-01-15T20:01:28","slug":"suscripcion-seminario-en-la-terapeutica-del-control-del-dolor-e-infeccion-de-origen-odontogenico","status":"publish","type":"product","link":"https:\/\/grupoempresarialryo.com.mx\/academia\/product\/suscripcion-seminario-en-la-terapeutica-del-control-del-dolor-e-infeccion-de-origen-odontogenico\/","title":{"rendered":"Suscripci\u00f3n Seminario en la Terap\u00e9utica del Control del Dolor e Infecci\u00f3n de Origen Odontog\u00e9nico."},"content":{"rendered":"<p>Objetivo aprender el manejo del dolor agudo y cr\u00f3nico de origen odontog\u00e9nico, manejo del miedo y del dolor al procedimiento anest\u00e9sico. As\u00ed como aspectos legales en el control adecuado de medicamentos antibi\u00f3ticos, antimic\u00f3ticos y antivirales que hagan de tu pr\u00e1ctica un medio seguro de tratamiento y control en el paciente metab\u00f3licamente estable y\/o inmuno comprometido.<\/p>\n<p>Dirigido a odont\u00f3logos de pr\u00e1ctica general, estudiantes para ingresos a especialidades y especialistas interesados.<\/p>\n","protected":false},"excerpt":{"rendered":"<p>Ofrece numerosos beneficios, como adquirir conocimientos especializados sobre medicamentos utilizados en odontolog\u00eda, mejorar la calidad de la atenci\u00f3n al paciente<\/p>\n","protected":false},"featured_media":4216,"comment_status":"open","ping_status":"closed","template":"","meta":{"_uag_custom_page_level_css":"","neve_meta_sidebar":"","neve_meta_container":"","neve_meta_enable_content_width":"off","neve_meta_content_width":100,"neve_meta_title_alignment":"","neve_meta_author_avatar":"","neve_post_elements_order":"","neve_meta_disable_header":"","neve_meta_disable_footer":"","neve_meta_disable_title":"","_themeisle_gutenberg_block_has_review":false},"product_brand":[],"product_cat":[105,166],"product_tag":[108],"class_list":{"0":"post-4199","1":"product","2":"type-product","3":"status-publish","4":"has-post-thumbnail","6":"product_cat-online","7":"product_cat-pago-mensual","8":"product_tag-farmacologia","9":"post","11":"first","12":"instock","13":"virtual","14":"sold-individually","15":"taxable","16":"purchasable","17":"product-type-subscription"},"uagb_featured_image_src":{"full":["https:\/\/grupoempresarialryo.com.mx\/academia\/wp-content\/uploads\/2023\/10\/Farmacologia.webp",1280,720,false],"thumbnail":["https:\/\/grupoempresarialryo.com.mx\/academia\/wp-content\/uploads\/2023\/10\/Farmacologia-150x150.webp",150,150,true],"medium":["https:\/\/grupoempresarialryo.com.mx\/academia\/wp-content\/uploads\/2023\/10\/Farmacologia-300x169.webp",300,169,true],"medium_large":["https:\/\/grupoempresarialryo.com.mx\/academia\/wp-content\/uploads\/2023\/10\/Farmacologia-768x432.webp",768,432,true],"large":["https:\/\/grupoempresarialryo.com.mx\/academia\/wp-content\/uploads\/2023\/10\/Farmacologia-1024x576.webp",1024,576,true],"course_archive_thumbnail":["https:\/\/grupoempresarialryo.com.mx\/academia\/wp-content\/uploads\/2023\/10\/Farmacologia-100x56.webp",100,56,true],"course_single_thumbnail":["https:\/\/grupoempresarialryo.com.mx\/academia\/wp-content\/uploads\/2023\/10\/Farmacologia-100x56.webp",100,56,true],"lesson_archive_thumbnail":["https:\/\/grupoempresarialryo.com.mx\/academia\/wp-content\/uploads\/2023\/10\/Farmacologia-100x56.webp",100,56,true],"lesson_single_thumbnail":["https:\/\/grupoempresarialryo.com.mx\/academia\/wp-content\/uploads\/2023\/10\/Farmacologia-100x56.webp",100,56,true],"1536x1536":["https:\/\/grupoempresarialryo.com.mx\/academia\/wp-content\/uploads\/2023\/10\/Farmacologia.webp",1280,720,false],"2048x2048":["https:\/\/grupoempresarialryo.com.mx\/academia\/wp-content\/uploads\/2023\/10\/Farmacologia.webp",1280,720,false],"neve-blog":["https:\/\/grupoempresarialryo.com.mx\/academia\/wp-content\/uploads\/2023\/10\/Farmacologia-930x620.webp",930,620,true],"woocommerce_thumbnail":["https:\/\/grupoempresarialryo.com.mx\/academia\/wp-content\/uploads\/2023\/10\/Farmacologia-300x180.webp",300,180,true],"woocommerce_single":["https:\/\/grupoempresarialryo.com.mx\/academia\/wp-content\/uploads\/2023\/10\/Farmacologia-600x338.webp",600,338,true],"woocommerce_gallery_thumbnail":["https:\/\/grupoempresarialryo.com.mx\/academia\/wp-content\/uploads\/2023\/10\/Farmacologia-100x100.webp",100,100,true],"dgwt-wcas-product-suggestion":["https:\/\/grupoempresarialryo.com.mx\/academia\/wp-content\/uploads\/2023\/10\/Farmacologia.webp",64,36,false]},"uagb_author_info":{"display_name":"Ing Mario","author_link":"https:\/\/grupoempresarialryo.com.mx\/academia\/author\/"},"uagb_comment_info":1,"uagb_excerpt":"Ofrece numerosos beneficios, como adquirir conocimientos especializados sobre medicamentos utilizados en odontolog\u00eda, mejorar la calidad de la atenci\u00f3n al paciente","_links":{"self":[{"href":"https:\/\/grupoempresarialryo.com.mx\/academia\/wp-json\/wp\/v2\/product\/4199","targetHints":{"allow":["GET"]}}],"collection":[{"href":"https:\/\/grupoempresarialryo.com.mx\/academia\/wp-json\/wp\/v2\/product"}],"about":[{"href":"https:\/\/grupoempresarialryo.com.mx\/academia\/wp-json\/wp\/v2\/types\/product"}],"replies":[{"embeddable":true,"href":"https:\/\/grupoempresarialryo.com.mx\/academia\/wp-json\/wp\/v2\/comments?post=4199"}],"version-history":[{"count":0,"href":"https:\/\/grupoempresarialryo.com.mx\/academia\/wp-json\/wp\/v2\/product\/4199\/revisions"}],"wp:featuredmedia":[{"embeddable":true,"href":"https:\/\/grupoempresarialryo.com.mx\/academia\/wp-json\/wp\/v2\/media\/4216"}],"wp:attachment":[{"href":"https:\/\/grupoempresarialryo.com.mx\/academia\/wp-json\/wp\/v2\/media?parent=4199"}],"wp:term":[{"taxonomy":"product_brand","embeddable":true,"href":"https:\/\/grupoempresarialryo.com.mx\/academia\/wp-json\/wp\/v2\/product_brand?post=4199"},{"taxonomy":"product_cat","embeddable":true,"href":"https:\/\/grupoempresarialryo.com.mx\/academia\/wp-json\/wp\/v2\/product_cat?post=4199"},{"taxonomy":"product_tag","embeddable":true,"href":"https:\/\/grupoempresarialryo.com.mx\/academia\/wp-json\/wp\/v2\/product_tag?post=4199"}],"curies":[{"name":"wp","href":"https:\/\/api.w.org\/{rel}","templated":true}]}}