{"id":13195,"date":"2024-09-30T18:34:23","date_gmt":"2024-10-01T00:34:23","guid":{"rendered":"https:\/\/grupoempresarialryo.com.mx\/academia\/?post_type=product&#038;p=13195"},"modified":"2024-09-30T18:34:23","modified_gmt":"2024-10-01T00:34:23","slug":"suscripcion-ortodoncia-total","status":"publish","type":"product","link":"https:\/\/grupoempresarialryo.com.mx\/academia\/product\/suscripcion-ortodoncia-total\/","title":{"rendered":"Suscripci\u00f3n Ortodoncia Total"},"content":{"rendered":"<p>Ortodoncia Total \ud83e\uddb7\ud83d\udc68\ud83c\udffb\u200d\u2695\ufe0f<\/p>\n<p>Domina los fundamentos pr\u00e1cticos esenciales para la instrumentaci\u00f3n completa y el ajuste de tratamientos de ortodoncia, tanto convencional como de autoligado. Transforma tus conocimientos te\u00f3ricos en habilidades aplicables, despejando todas tus dudas t\u00e9cnicas sobre biomec\u00e1nica.<\/p>\n","protected":false},"excerpt":{"rendered":"[caption id=\"attachment_13196\" align=\"alignnone\" width=\"300\"]<a href=\"https:\/\/grupoempresarialryo.com.mx\/academia\/wp-content\/uploads\/2024\/09\/Ortodoncia-Total-prop2.png\"><img fetchpriority=\"high\" decoding=\"async\" class=\"size-medium wp-image-13196\" src=\"https:\/\/grupoempresarialryo.com.mx\/academia\/wp-content\/uploads\/2024\/09\/Ortodoncia-Total-prop2-300x300.png\" alt=\"Ortodoncia Total\" width=\"300\" height=\"300\" srcset=\"https:\/\/grupoempresarialryo.com.mx\/academia\/wp-content\/uploads\/2024\/09\/Ortodoncia-Total-prop2-300x300.png 300w, https:\/\/grupoempresarialryo.com.mx\/academia\/wp-content\/uploads\/2024\/09\/Ortodoncia-Total-prop2-1024x1024.png 1024w, https:\/\/grupoempresarialryo.com.mx\/academia\/wp-content\/uploads\/2024\/09\/Ortodoncia-Total-prop2-150x150.png 150w, https:\/\/grupoempresarialryo.com.mx\/academia\/wp-content\/uploads\/2024\/09\/Ortodoncia-Total-prop2-768x768.png 768w, https:\/\/grupoempresarialryo.com.mx\/academia\/wp-content\/uploads\/2024\/09\/Ortodoncia-Total-prop2-100x100.png 100w, https:\/\/grupoempresarialryo.com.mx\/academia\/wp-content\/uploads\/2024\/09\/Ortodoncia-Total-prop2-600x600.png 600w, https:\/\/grupoempresarialryo.com.mx\/academia\/wp-content\/uploads\/2024\/09\/Ortodoncia-Total-prop2-64x64.png 64w, https:\/\/grupoempresarialryo.com.mx\/academia\/wp-content\/uploads\/2024\/09\/Ortodoncia-Total-prop2.png 1080w\" sizes=\"(max-width: 300px) 100vw, 300px\" \/><\/a> Diplomado en ortodoncia[\/caption]\n","protected":false},"featured_media":13196,"comment_status":"open","ping_status":"closed","template":"","meta":{"_uag_custom_page_level_css":"","neve_meta_sidebar":"","neve_meta_container":"","neve_meta_enable_content_width":"off","neve_meta_content_width":100,"neve_meta_title_alignment":"","neve_meta_author_avatar":"","neve_post_elements_order":"","neve_meta_disable_header":"","neve_meta_disable_footer":"","neve_meta_disable_title":"","_themeisle_gutenberg_block_has_review":false},"product_brand":[],"product_cat":[105],"product_tag":[],"class_list":{"0":"post-13195","1":"product","2":"type-product","3":"status-publish","4":"has-post-thumbnail","6":"product_cat-online","7":"post","9":"first","10":"instock","11":"sale","12":"virtual","13":"purchasable","14":"product-type-subscription"},"uagb_featured_image_src":{"full":["https:\/\/grupoempresarialryo.com.mx\/academia\/wp-content\/uploads\/2024\/09\/Ortodoncia-Total-prop2.png",1080,1080,false],"thumbnail":["https:\/\/grupoempresarialryo.com.mx\/academia\/wp-content\/uploads\/2024\/09\/Ortodoncia-Total-prop2-150x150.png",150,150,true],"medium":["https:\/\/grupoempresarialryo.com.mx\/academia\/wp-content\/uploads\/2024\/09\/Ortodoncia-Total-prop2-300x300.png",300,300,true],"medium_large":["https:\/\/grupoempresarialryo.com.mx\/academia\/wp-content\/uploads\/2024\/09\/Ortodoncia-Total-prop2-768x768.png",768,768,true],"large":["https:\/\/grupoempresarialryo.com.mx\/academia\/wp-content\/uploads\/2024\/09\/Ortodoncia-Total-prop2-1024x1024.png",1024,1024,true],"course_archive_thumbnail":["https:\/\/grupoempresarialryo.com.mx\/academia\/wp-content\/uploads\/2024\/09\/Ortodoncia-Total-prop2-100x100.png",100,100,true],"course_single_thumbnail":["https:\/\/grupoempresarialryo.com.mx\/academia\/wp-content\/uploads\/2024\/09\/Ortodoncia-Total-prop2-100x100.png",100,100,true],"lesson_archive_thumbnail":["https:\/\/grupoempresarialryo.com.mx\/academia\/wp-content\/uploads\/2024\/09\/Ortodoncia-Total-prop2-100x100.png",100,100,true],"lesson_single_thumbnail":["https:\/\/grupoempresarialryo.com.mx\/academia\/wp-content\/uploads\/2024\/09\/Ortodoncia-Total-prop2-100x100.png",100,100,true],"1536x1536":["https:\/\/grupoempresarialryo.com.mx\/academia\/wp-content\/uploads\/2024\/09\/Ortodoncia-Total-prop2.png",1080,1080,false],"2048x2048":["https:\/\/grupoempresarialryo.com.mx\/academia\/wp-content\/uploads\/2024\/09\/Ortodoncia-Total-prop2.png",1080,1080,false],"neve-blog":["https:\/\/grupoempresarialryo.com.mx\/academia\/wp-content\/uploads\/2024\/09\/Ortodoncia-Total-prop2-930x620.png",930,620,true],"woocommerce_thumbnail":["https:\/\/grupoempresarialryo.com.mx\/academia\/wp-content\/uploads\/2024\/09\/Ortodoncia-Total-prop2-300x180.png",300,180,true],"woocommerce_single":["https:\/\/grupoempresarialryo.com.mx\/academia\/wp-content\/uploads\/2024\/09\/Ortodoncia-Total-prop2-600x600.png",600,600,true],"woocommerce_gallery_thumbnail":["https:\/\/grupoempresarialryo.com.mx\/academia\/wp-content\/uploads\/2024\/09\/Ortodoncia-Total-prop2-100x100.png",100,100,true],"dgwt-wcas-product-suggestion":["https:\/\/grupoempresarialryo.com.mx\/academia\/wp-content\/uploads\/2024\/09\/Ortodoncia-Total-prop2-64x64.png",64,64,true]},"uagb_author_info":{"display_name":"Ing Mario","author_link":"https:\/\/grupoempresarialryo.com.mx\/academia\/author\/"},"uagb_comment_info":0,"uagb_excerpt":"[caption id=\"attachment_13196\" align=\"alignnone\" width=\"300\"] Diplomado en ortodoncia[\/caption]","_links":{"self":[{"href":"https:\/\/grupoempresarialryo.com.mx\/academia\/wp-json\/wp\/v2\/product\/13195","targetHints":{"allow":["GET"]}}],"collection":[{"href":"https:\/\/grupoempresarialryo.com.mx\/academia\/wp-json\/wp\/v2\/product"}],"about":[{"href":"https:\/\/grupoempresarialryo.com.mx\/academia\/wp-json\/wp\/v2\/types\/product"}],"replies":[{"embeddable":true,"href":"https:\/\/grupoempresarialryo.com.mx\/academia\/wp-json\/wp\/v2\/comments?post=13195"}],"version-history":[{"count":0,"href":"https:\/\/grupoempresarialryo.com.mx\/academia\/wp-json\/wp\/v2\/product\/13195\/revisions"}],"wp:featuredmedia":[{"embeddable":true,"href":"https:\/\/grupoempresarialryo.com.mx\/academia\/wp-json\/wp\/v2\/media\/13196"}],"wp:attachment":[{"href":"https:\/\/grupoempresarialryo.com.mx\/academia\/wp-json\/wp\/v2\/media?parent=13195"}],"wp:term":[{"taxonomy":"product_brand","embeddable":true,"href":"https:\/\/grupoempresarialryo.com.mx\/academia\/wp-json\/wp\/v2\/product_brand?post=13195"},{"taxonomy":"product_cat","embeddable":true,"href":"https:\/\/grupoempresarialryo.com.mx\/academia\/wp-json\/wp\/v2\/product_cat?post=13195"},{"taxonomy":"product_tag","embeddable":true,"href":"https:\/\/grupoempresarialryo.com.mx\/academia\/wp-json\/wp\/v2\/product_tag?post=13195"}],"curies":[{"name":"wp","href":"https:\/\/api.w.org\/{rel}","templated":true}]}}