{"id":12717,"date":"2024-04-03T15:11:16","date_gmt":"2024-04-03T21:11:16","guid":{"rendered":"https:\/\/grupoempresarialryo.com.mx\/academia\/?post_type=product&#038;p=12717"},"modified":"2025-02-20T23:59:23","modified_gmt":"2025-02-21T05:59:23","slug":"minicurso-ortoimplantes-en-ortodoncia","status":"publish","type":"product","link":"https:\/\/grupoempresarialryo.com.mx\/academia\/product\/minicurso-ortoimplantes-en-ortodoncia\/","title":{"rendered":"Minicurso ortoimplantes en ortodoncia"},"content":{"rendered":"<p><span style=\"font-weight: 400;\">Aprender\u00e1s las habilidades y conocimientos necesarios para integrar con \u00e9xito los implantes en tus pr\u00e1cticas ortod\u00f3ncicas, mejorando la calidad y eficacia de los tratamientos que ofreces a tus pacientes.<\/span><\/p>\n<p><span style=\"font-weight: 400;\">Objetivos: Podr\u00e1s ser capaz de seleccionar el mejor micro tornillo, colocarlo, y activarlo seg\u00fan tu conveniencia cl\u00ednica.<\/span><\/p>\n","protected":false},"excerpt":{"rendered":"<p><span style=\"font-weight: 400;\">Objetivos: Podr\u00e1s ser capaz de seleccionar el mejor micro tornillo, colocarlo, y activarlo seg\u00fan tu conveniencia cl\u00ednica.<\/span><\/p>\n","protected":false},"featured_media":12718,"comment_status":"open","ping_status":"closed","template":"","meta":{"_uag_custom_page_level_css":"","neve_meta_sidebar":"","neve_meta_container":"","neve_meta_enable_content_width":"off","neve_meta_content_width":100,"neve_meta_title_alignment":"","neve_meta_author_avatar":"","neve_post_elements_order":"","neve_meta_disable_header":"","neve_meta_disable_footer":"","neve_meta_disable_title":"","_themeisle_gutenberg_block_has_review":false},"product_brand":[],"product_cat":[105,167],"product_tag":[],"class_list":{"0":"post-12717","1":"product","2":"type-product","3":"status-publish","4":"has-post-thumbnail","6":"product_cat-online","7":"product_cat-pago-unico","8":"post","10":"first","11":"instock","12":"virtual","13":"taxable","14":"purchasable","15":"product-type-simple"},"uagb_featured_image_src":{"full":["https:\/\/grupoempresarialryo.com.mx\/academia\/wp-content\/uploads\/2024\/04\/OrtoimplanteTienda.webp",2560,1738,false],"thumbnail":["https:\/\/grupoempresarialryo.com.mx\/academia\/wp-content\/uploads\/2024\/04\/OrtoimplanteTienda-150x150.webp",150,150,true],"medium":["https:\/\/grupoempresarialryo.com.mx\/academia\/wp-content\/uploads\/2024\/04\/OrtoimplanteTienda-300x204.webp",300,204,true],"medium_large":["https:\/\/grupoempresarialryo.com.mx\/academia\/wp-content\/uploads\/2024\/04\/OrtoimplanteTienda-768x521.webp",768,521,true],"large":["https:\/\/grupoempresarialryo.com.mx\/academia\/wp-content\/uploads\/2024\/04\/OrtoimplanteTienda-1024x695.webp",1024,695,true],"course_archive_thumbnail":["https:\/\/grupoempresarialryo.com.mx\/academia\/wp-content\/uploads\/2024\/04\/OrtoimplanteTienda-100x68.webp",100,68,true],"course_single_thumbnail":["https:\/\/grupoempresarialryo.com.mx\/academia\/wp-content\/uploads\/2024\/04\/OrtoimplanteTienda-100x68.webp",100,68,true],"lesson_archive_thumbnail":["https:\/\/grupoempresarialryo.com.mx\/academia\/wp-content\/uploads\/2024\/04\/OrtoimplanteTienda-100x68.webp",100,68,true],"lesson_single_thumbnail":["https:\/\/grupoempresarialryo.com.mx\/academia\/wp-content\/uploads\/2024\/04\/OrtoimplanteTienda-100x68.webp",100,68,true],"1536x1536":["https:\/\/grupoempresarialryo.com.mx\/academia\/wp-content\/uploads\/2024\/04\/OrtoimplanteTienda-1536x1043.webp",1536,1043,true],"2048x2048":["https:\/\/grupoempresarialryo.com.mx\/academia\/wp-content\/uploads\/2024\/04\/OrtoimplanteTienda-2048x1390.webp",2048,1390,true],"neve-blog":["https:\/\/grupoempresarialryo.com.mx\/academia\/wp-content\/uploads\/2024\/04\/OrtoimplanteTienda-930x620.webp",930,620,true],"woocommerce_thumbnail":["https:\/\/grupoempresarialryo.com.mx\/academia\/wp-content\/uploads\/2024\/04\/OrtoimplanteTienda-300x180.webp",300,180,true],"woocommerce_single":["https:\/\/grupoempresarialryo.com.mx\/academia\/wp-content\/uploads\/2024\/04\/OrtoimplanteTienda-600x407.webp",600,407,true],"woocommerce_gallery_thumbnail":["https:\/\/grupoempresarialryo.com.mx\/academia\/wp-content\/uploads\/2024\/04\/OrtoimplanteTienda-100x100.webp",100,100,true],"dgwt-wcas-product-suggestion":["https:\/\/grupoempresarialryo.com.mx\/academia\/wp-content\/uploads\/2024\/04\/OrtoimplanteTienda-64x43.webp",64,43,true]},"uagb_author_info":{"display_name":"Ing Mario","author_link":"https:\/\/grupoempresarialryo.com.mx\/academia\/author\/"},"uagb_comment_info":0,"uagb_excerpt":"Objetivos: Podr\u00e1s ser capaz de seleccionar el mejor micro tornillo, colocarlo, y activarlo seg\u00fan tu conveniencia cl\u00ednica.","_links":{"self":[{"href":"https:\/\/grupoempresarialryo.com.mx\/academia\/wp-json\/wp\/v2\/product\/12717","targetHints":{"allow":["GET"]}}],"collection":[{"href":"https:\/\/grupoempresarialryo.com.mx\/academia\/wp-json\/wp\/v2\/product"}],"about":[{"href":"https:\/\/grupoempresarialryo.com.mx\/academia\/wp-json\/wp\/v2\/types\/product"}],"replies":[{"embeddable":true,"href":"https:\/\/grupoempresarialryo.com.mx\/academia\/wp-json\/wp\/v2\/comments?post=12717"}],"version-history":[{"count":0,"href":"https:\/\/grupoempresarialryo.com.mx\/academia\/wp-json\/wp\/v2\/product\/12717\/revisions"}],"wp:featuredmedia":[{"embeddable":true,"href":"https:\/\/grupoempresarialryo.com.mx\/academia\/wp-json\/wp\/v2\/media\/12718"}],"wp:attachment":[{"href":"https:\/\/grupoempresarialryo.com.mx\/academia\/wp-json\/wp\/v2\/media?parent=12717"}],"wp:term":[{"taxonomy":"product_brand","embeddable":true,"href":"https:\/\/grupoempresarialryo.com.mx\/academia\/wp-json\/wp\/v2\/product_brand?post=12717"},{"taxonomy":"product_cat","embeddable":true,"href":"https:\/\/grupoempresarialryo.com.mx\/academia\/wp-json\/wp\/v2\/product_cat?post=12717"},{"taxonomy":"product_tag","embeddable":true,"href":"https:\/\/grupoempresarialryo.com.mx\/academia\/wp-json\/wp\/v2\/product_tag?post=12717"}],"curies":[{"name":"wp","href":"https:\/\/api.w.org\/{rel}","templated":true}]}}